{"id":2218,"date":"2026-02-26T10:20:52","date_gmt":"2026-02-26T09:20:52","guid":{"rendered":"https:\/\/verifical.com\/blog\/"},"modified":"2026-04-16T12:47:20","modified_gmt":"2026-04-16T11:47:20","slug":"blog","status":"publish","type":"page","link":"https:\/\/verifical.com\/cs\/blog\/","title":{"rendered":"Blog"},"content":{"rendered":"<style>.kb-row-layout-id1823_c33853-c7 > .kt-row-column-wrap{align-content:start;}:where(.kb-row-layout-id1823_c33853-c7 > .kt-row-column-wrap) > .wp-block-kadence-column{justify-content:start;}.kb-row-layout-id1823_c33853-c7 > .kt-row-column-wrap{column-gap:var(--global-kb-gap-md, 2rem);row-gap:var(--global-kb-gap-md, 2rem);max-width:var( --global-content-width, 1290px );padding-left:var(--global-content-edge-padding);padding-right:var(--global-content-edge-padding);padding-top:var(--global-kb-spacing-sm, 1.5rem);padding-bottom:var(--global-kb-spacing-sm, 1.5rem);grid-template-columns:minmax(0, 1fr);}.kb-row-layout-id1823_c33853-c7 > .kt-row-layout-overlay{opacity:0.30;}@media all and (max-width: 1024px){.kb-row-layout-id1823_c33853-c7 > .kt-row-column-wrap{grid-template-columns:minmax(0, 1fr);}}@media all and (max-width: 767px){.kb-row-layout-id1823_c33853-c7 > .kt-row-column-wrap{grid-template-columns:minmax(0, 1fr);}}<\/style><div class=\"kb-row-layout-wrap kb-row-layout-id1823_c33853-c7 alignnone wp-block-kadence-rowlayout\"><div class=\"kt-row-column-wrap kt-has-1-columns kt-row-layout-equal kt-tab-layout-inherit kt-mobile-layout-row kt-row-valign-top kb-theme-content-width\">\n<style>.kadence-column1823_c6eda4-c1 > .kt-inside-inner-col,.kadence-column1823_c6eda4-c1 > .kt-inside-inner-col:before{border-top-left-radius:0px;border-top-right-radius:0px;border-bottom-right-radius:0px;border-bottom-left-radius:0px;}.kadence-column1823_c6eda4-c1 > .kt-inside-inner-col{column-gap:var(--global-kb-gap-sm, 1rem);}.kadence-column1823_c6eda4-c1 > .kt-inside-inner-col{flex-direction:column;}.kadence-column1823_c6eda4-c1 > .kt-inside-inner-col > .aligncenter{width:100%;}.kadence-column1823_c6eda4-c1 > .kt-inside-inner-col:before{opacity:0.3;}.kadence-column1823_c6eda4-c1{position:relative;}@media all and (max-width: 1024px){.kadence-column1823_c6eda4-c1 > .kt-inside-inner-col{flex-direction:column;justify-content:center;}}@media all and (max-width: 767px){.kadence-column1823_c6eda4-c1 > .kt-inside-inner-col{flex-direction:column;justify-content:center;}}<\/style>\n<div class=\"wp-block-kadence-column kadence-column1823_c6eda4-c1\"><div class=\"kt-inside-inner-col\">\n<h1 class=\"wp-block-heading\">BLOG<\/h1>\n\n\n<style>.kb-posts-id-1823_6eb3bb-3f .kb-post-list-item{display:grid;}<\/style><ul class=\"wp-block-kadence-posts kb-posts kadence-posts-list kb-posts-id-1823_6eb3bb-3f content-wrap grid-cols kb-posts-style-boxed grid-sm-col-2 grid-lg-col-3 item-image-style-above\"><li class=\"kb-post-list-item\">\n\t<article class=\"entry content-bg loop-entry kb-post-no-image post-2212 post type-post status-publish format-standard hentry category-uncategorized-cs\">\n\t\t\t\t<div class=\"entry-content-wrap\">\n\t\t\t<header class=\"entry-header\">\n\t<h3 class=\"entry-title\"><a href=\"https:\/\/verifical.com\/cs\/prestali-jsme-kazdy-mesic-vozit-doklady-ucetnim\/\" rel=\"bookmark\">Jak jsme p\u0159estali ka\u017ed\u00fd m\u011bs\u00edc vozit doklady \u00fa\u010detn\u00edm<\/a><\/h3><\/header><!-- .entry-header -->\n\t<div class=\"entry-summary\">\n\t\t<p>Tohle znaj\u00ed skoro v\u0161echny mal\u00e9 firmy. M\u00e1te p\u00e1r zam\u011bstnanc\u016f, ka\u017ed\u00fd m\u011bs\u00edc v\u00e1m p\u0159ijdou faktury od dodavatel\u016f &#8211; v\u011bt\u0161ina e-mailem a n\u011bkter\u00e9 je\u0161t\u011b po\u0159\u00e1d na pap\u00ed\u0159e. N\u011bkdo je mus\u00ed v\u0161echny posb\u00edrat, vytisknout, zkontrolovat \u00fadaje, sp\u00e1rovat&#8230;<\/p>\n\t<\/div><!-- .entry-summary -->\n\t<footer class=\"entry-footer\">\n\t\t\t<div class=\"entry-actions\">\n\t\t\t<p class=\"more-link-wrap\">\n\t\t\t\t<a href=\"https:\/\/verifical.com\/cs\/prestali-jsme-kazdy-mesic-vozit-doklady-ucetnim\/\" class=\"post-more-link\">\n\t\t\t\t\tP\u0159e\u010d\u00edst<span class=\"screen-reader-text\"> Jak jsme p\u0159estali ka\u017ed\u00fd m\u011bs\u00edc vozit doklady \u00fa\u010detn\u00edm<\/span><span class=\"kadence-svg-iconset svg-baseline\"><svg aria-hidden=\"true\" class=\"kadence-svg-icon kadence-arrow-right-alt-svg\" fill=\"currentColor\" version=\"1.1\" xmlns=\"http:\/\/www.w3.org\/2000\/svg\" width=\"27\" height=\"28\" viewBox=\"0 0 27 28\"><title>Continue<\/title><path d=\"M27 13.953c0 0.141-0.063 0.281-0.156 0.375l-6 5.531c-0.156 0.141-0.359 0.172-0.547 0.094-0.172-0.078-0.297-0.25-0.297-0.453v-3.5h-19.5c-0.281 0-0.5-0.219-0.5-0.5v-3c0-0.281 0.219-0.5 0.5-0.5h19.5v-3.5c0-0.203 0.109-0.375 0.297-0.453s0.391-0.047 0.547 0.078l6 5.469c0.094 0.094 0.156 0.219 0.156 0.359v0z\"><\/path>\n\t\t\t<\/svg><\/span>\t\t\t\t<\/a>\n\t\t\t<\/p>\n\t\t<\/div><!-- .entry-actions -->\n\t\t<\/footer><!-- .entry-footer -->\t\t<\/div>\n\t<\/article>\n<\/li>\n<\/ul><\/div><\/div>\n\n<\/div><\/div>\n<p><\/p>\n","protected":false},"excerpt":{"rendered":"<p>BLOG<\/p>\n","protected":false},"author":1,"featured_media":0,"parent":0,"menu_order":0,"comment_status":"closed","ping_status":"closed","template":"","meta":{"_kad_blocks_custom_css":"","_kad_blocks_head_custom_js":"","_kad_blocks_body_custom_js":"","_kad_blocks_footer_custom_js":"","_kad_post_transparent":"","_kad_post_title":"","_kad_post_layout":"","_kad_post_sidebar_id":"","_kad_post_content_style":"","_kad_post_vertical_padding":"","_kad_post_feature":"","_kad_post_feature_position":"","_kad_post_header":false,"_kad_post_footer":false,"_kad_post_classname":"","footnotes":""},"class_list":["post-2218","page","type-page","status-publish","hentry"],"aioseo_notices":[],"taxonomy_info":[],"featured_image_src_large":false,"author_info":{"display_name":"Verifical","author_link":"https:\/\/verifical.com\/cs\/author\/radek-domanskygmail-com\/"},"comment_info":0,"_links":{"self":[{"href":"https:\/\/verifical.com\/cs\/wp-json\/wp\/v2\/pages\/2218","targetHints":{"allow":["GET"]}}],"collection":[{"href":"https:\/\/verifical.com\/cs\/wp-json\/wp\/v2\/pages"}],"about":[{"href":"https:\/\/verifical.com\/cs\/wp-json\/wp\/v2\/types\/page"}],"author":[{"embeddable":true,"href":"https:\/\/verifical.com\/cs\/wp-json\/wp\/v2\/users\/1"}],"replies":[{"embeddable":true,"href":"https:\/\/verifical.com\/cs\/wp-json\/wp\/v2\/comments?post=2218"}],"version-history":[{"count":1,"href":"https:\/\/verifical.com\/cs\/wp-json\/wp\/v2\/pages\/2218\/revisions"}],"predecessor-version":[{"id":2219,"href":"https:\/\/verifical.com\/cs\/wp-json\/wp\/v2\/pages\/2218\/revisions\/2219"}],"wp:attachment":[{"href":"https:\/\/verifical.com\/cs\/wp-json\/wp\/v2\/media?parent=2218"}],"curies":[{"name":"wp","href":"https:\/\/api.w.org\/{rel}","templated":true}]}}