{"id":2143,"date":"2026-02-20T20:13:28","date_gmt":"2026-02-20T19:13:28","guid":{"rendered":"https:\/\/verifical.com\/kontakt\/"},"modified":"2026-04-14T12:03:48","modified_gmt":"2026-04-14T11:03:48","slug":"kontakt","status":"publish","type":"page","link":"https:\/\/verifical.com\/cs\/kontakt\/","title":{"rendered":"Kontakt"},"content":{"rendered":"<style>.kb-row-layout-id1678_9350ca-a9 > .kt-row-column-wrap{align-content:start;}:where(.kb-row-layout-id1678_9350ca-a9 > .kt-row-column-wrap) > .wp-block-kadence-column{justify-content:start;}.kb-row-layout-id1678_9350ca-a9 > .kt-row-column-wrap{column-gap:var(--global-kb-gap-md, 2rem);row-gap:var(--global-kb-gap-md, 2rem);max-width:var( --global-content-width, 1290px );padding-left:var(--global-content-edge-padding);padding-right:var(--global-content-edge-padding);padding-top:var(--global-kb-spacing-sm, 1.5rem);padding-bottom:var(--global-kb-spacing-xxs, 0.5rem);grid-template-columns:minmax(0, 1fr);}.kb-row-layout-id1678_9350ca-a9 > .kt-row-layout-overlay{opacity:0.30;}@media all and (max-width: 1024px){.kb-row-layout-id1678_9350ca-a9 > .kt-row-column-wrap{grid-template-columns:minmax(0, 1fr);}}@media all and (max-width: 767px){.kb-row-layout-id1678_9350ca-a9 > .kt-row-column-wrap{grid-template-columns:minmax(0, 1fr);}}<\/style><div class=\"kb-row-layout-wrap kb-row-layout-id1678_9350ca-a9 alignnone wp-block-kadence-rowlayout\"><div class=\"kt-row-column-wrap kt-has-1-columns kt-row-layout-equal kt-tab-layout-inherit kt-mobile-layout-row kt-row-valign-top kb-theme-content-width\">\n<style>.kadence-column1678_119155-e3 > .kt-inside-inner-col,.kadence-column1678_119155-e3 > .kt-inside-inner-col:before{border-top-left-radius:0px;border-top-right-radius:0px;border-bottom-right-radius:0px;border-bottom-left-radius:0px;}.kadence-column1678_119155-e3 > .kt-inside-inner-col{column-gap:var(--global-kb-gap-sm, 1rem);}.kadence-column1678_119155-e3 > .kt-inside-inner-col{flex-direction:column;}.kadence-column1678_119155-e3 > .kt-inside-inner-col > .aligncenter{width:100%;}.kadence-column1678_119155-e3 > .kt-inside-inner-col:before{opacity:0.3;}.kadence-column1678_119155-e3{position:relative;}@media all and (max-width: 1024px){.kadence-column1678_119155-e3 > .kt-inside-inner-col{flex-direction:column;justify-content:center;}}@media all and (max-width: 767px){.kadence-column1678_119155-e3 > .kt-inside-inner-col{flex-direction:column;justify-content:center;}}<\/style>\n<div class=\"wp-block-kadence-column kadence-column1678_119155-e3\"><div class=\"kt-inside-inner-col\">\n<h1 class=\"wp-block-heading\">Kontaktujte n\u00e1s<\/h1>\n\n\n\n<p>M\u00e1te dotaz k Verifical? Chcete probrat, jak by mohla na\u0161e platforma pomoci i Va\u0161\u00ed firm\u011b? A\u0165 jste \u00fa\u010detn\u00ed hledaj\u00edc\u00ed lep\u0161\u00ed zp\u016fsob v\u00fdm\u011bny dokument\u016f se sv\u00fdmi klienty, nebo u\u017eivatel s ot\u00e1zkou na podporu, ozv\u011bte se n\u00e1m.  <\/p>\n\n\n<style>.kb-row-layout-id1678_d30808-0f > .kt-row-column-wrap{align-content:start;}:where(.kb-row-layout-id1678_d30808-0f > .kt-row-column-wrap) > .wp-block-kadence-column{justify-content:start;}.kb-row-layout-id1678_d30808-0f > .kt-row-column-wrap{column-gap:var(--global-kb-gap-md, 2rem);row-gap:var(--global-kb-gap-md, 2rem);padding-top:var(--global-kb-spacing-sm, 1.5rem);padding-bottom:var(--global-kb-spacing-sm, 1.5rem);grid-template-columns:repeat(2, minmax(0, 1fr));}.kb-row-layout-id1678_d30808-0f > .kt-row-layout-overlay{opacity:0.30;}@media all and (max-width: 1024px){.kb-row-layout-id1678_d30808-0f > .kt-row-column-wrap{grid-template-columns:repeat(2, minmax(0, 1fr));}}@media all and (max-width: 767px){.kb-row-layout-id1678_d30808-0f > .kt-row-column-wrap{grid-template-columns:minmax(0, 1fr);}}<\/style><div class=\"kb-row-layout-wrap kb-row-layout-id1678_d30808-0f alignnone wp-block-kadence-rowlayout\"><div class=\"kt-row-column-wrap kt-has-2-columns kt-row-layout-equal kt-tab-layout-inherit kt-mobile-layout-row kt-row-valign-top\">\n<style>.kadence-column1678_80f0b8-69 > .kt-inside-inner-col,.kadence-column1678_80f0b8-69 > .kt-inside-inner-col:before{border-top-left-radius:0px;border-top-right-radius:0px;border-bottom-right-radius:0px;border-bottom-left-radius:0px;}.kadence-column1678_80f0b8-69 > .kt-inside-inner-col{column-gap:var(--global-kb-gap-sm, 1rem);}.kadence-column1678_80f0b8-69 > .kt-inside-inner-col{flex-direction:column;}.kadence-column1678_80f0b8-69 > .kt-inside-inner-col > .aligncenter{width:100%;}.kadence-column1678_80f0b8-69 > .kt-inside-inner-col:before{opacity:0.3;}.kadence-column1678_80f0b8-69{position:relative;}@media all and (max-width: 1024px){.kadence-column1678_80f0b8-69 > .kt-inside-inner-col{flex-direction:column;justify-content:center;}}@media all and (max-width: 767px){.kadence-column1678_80f0b8-69 > .kt-inside-inner-col{flex-direction:column;justify-content:center;}}<\/style>\n<div class=\"wp-block-kadence-column kadence-column1678_80f0b8-69\"><div class=\"kt-inside-inner-col\">\n<p><strong>Spojte se s n\u00e1mi:<\/strong><\/p>\n\n\n\n<ul class=\"wp-block-list\">\n<li>Obecn\u00e9 ot\u00e1zky o Verifical<\/li>\n\n\n\n<li>P\u0159\u00edstup do syst\u00e9mu<\/li>\n\n\n\n<li>Jak za\u010d\u00edt a pomoc s nastaven\u00edm<\/li>\n\n\n\n<li>Ot\u00e1zky na partnerstv\u00ed a integrace<\/li>\n\n\n\n<li>N\u00e1zory, zp\u011btn\u00e1 vazba, nov\u00e9 funkce<\/li>\n<\/ul>\n\n\n\n<p>Obvykle odpov\u00edd\u00e1me v pr\u016fb\u011bhu pracovn\u00edho dne. <\/p>\n<\/div><\/div>\n\n\n<style>.kadence-column1678_a74208-d8 > .kt-inside-inner-col,.kadence-column1678_a74208-d8 > .kt-inside-inner-col:before{border-top-left-radius:0px;border-top-right-radius:0px;border-bottom-right-radius:0px;border-bottom-left-radius:0px;}.kadence-column1678_a74208-d8 > .kt-inside-inner-col{column-gap:var(--global-kb-gap-sm, 1rem);}.kadence-column1678_a74208-d8 > .kt-inside-inner-col{flex-direction:column;}.kadence-column1678_a74208-d8 > .kt-inside-inner-col > .aligncenter{width:100%;}.kadence-column1678_a74208-d8 > .kt-inside-inner-col:before{opacity:0.3;}.kadence-column1678_a74208-d8{position:relative;}@media all and (max-width: 1024px){.kadence-column1678_a74208-d8 > .kt-inside-inner-col{flex-direction:column;justify-content:center;}}@media all and (max-width: 767px){.kadence-column1678_a74208-d8 > .kt-inside-inner-col{flex-direction:column;justify-content:center;}}<\/style>\n<div class=\"wp-block-kadence-column kadence-column1678_a74208-d8\"><div class=\"kt-inside-inner-col\"><style>.kb-form input.kadence-blocks-field.verify{opacity:0.0;position:absolute;top:0.0;left:0.0;width:0.0;height:0.0;z-index:-1;}<\/style>\n<div class=\"wp-block-kadence-form kadence-form-1678_5d963f-c8 kb-form-wrap kb-form-align-right\"><form class=\"kb-form\" action=\"\" method=\"post\"><div class=\"kadence-blocks-form-field kb-field-desk-width-50 kb-input-size-standard\"><label for=\"kb_field_1678_5d963f-c8_0\">Jm\u00e9no<span class=\"required\">*<\/span><\/label><input name=\"kb_field_0\" id=\"kb_field_1678_5d963f-c8_0\" data-label=\"Jm&#xE9;no\" type=\"text\" placeholder=\"Va&#x161;e jm&#xE9;no. \" value=\"\" data-type=\"text\" class=\"kb-field kb-text-style-field kb-text-field kb-field-0\" data-required=\"yes\"\/><\/div><div class=\"kadence-blocks-form-field kb-form-field-1 kb-field-desk-width-50 kb-input-size-standard\"><label for=\"kb_field_1678_5d963f-c8_1\">E-mail<span class=\"required\">*<\/span><\/label><input name=\"kb_field_1\" id=\"kb_field_1678_5d963f-c8_1\" data-label=\"E-mail\" type=\"email\" placeholder=\"Va&#x161;e platn&#xE1; e-mailov&#xE1; adresa.\" value=\"\" data-type=\"email\" class=\"kb-field kb-text-style-field kb-email-field kb-field-1\" data-required=\"yes\"\/><\/div><div class=\"kadence-blocks-form-field kb-form-field-2 kb-field-desk-width-100 kb-input-size-standard\"><label for=\"kb_field_1678_5d963f-c8_2\">Zpr\u00e1va<span class=\"required\">*<\/span><\/label><textarea name=\"kb_field_2\" id=\"kb_field_1678_5d963f-c8_2\" data-label=\"Zpr&#xE1;va\" type=\"textarea\" placeholder=\"Napi&#x161;te svou zpr&#xE1;vu. \" data-type=\"textarea\" class=\"kb-field kb-text-style-field kb-textarea-field kb-field-2\" rows=\"4\" data-required=\"yes\"><\/textarea><\/div><input type=\"hidden\" name=\"_kb_form_id\" value=\"1678_5d963f-c8\"\/><input type=\"hidden\" name=\"_kb_form_post_id\" value=\"2143\"\/><input type=\"hidden\" name=\"action\" value=\"kb_process_ajax_submit\"\/><label class=\"kadence-verify-label\">Email<input class=\"kadence-blocks-field verify\" type=\"text\" name=\"_kb_verify_email\" autocomplete=\"new-password\" aria-hidden=\"true\" placeholder=\"Email\" tabindex=\"-1\" data-1p-ignore=\"true\" data-lpignore=\"true\" \/><\/label><div class=\"kadence-blocks-form-field kb-submit-field kb-field-desk-width-100\"><button class=\"kb-forms-submit button kb-button-size-standard kb-button-width-auto\">Odeslat<\/button><\/div><\/form><\/div>\n<noscript><div class=\"kadence-blocks-form-message kadence-blocks-form-warning\">Please enable JavaScript in your browser to submit the form<\/div><style>.kadence-form-1678_5d963f-c8 .kadence-blocks-form-field.kb-submit-field { display: none; }<\/style><\/noscript><\/div><\/div>\n\n<\/div><\/div><\/div><\/div>\n\n<\/div><\/div><style>.kb-row-layout-id1678_e5264c-76 > .kt-row-column-wrap{align-content:start;}:where(.kb-row-layout-id1678_e5264c-76 > .kt-row-column-wrap) > .wp-block-kadence-column{justify-content:start;}.kb-row-layout-id1678_e5264c-76 > .kt-row-column-wrap{column-gap:var(--global-kb-gap-md, 2rem);row-gap:var(--global-kb-gap-md, 2rem);max-width:var( --global-content-width, 1290px );padding-left:var(--global-content-edge-padding);padding-right:var(--global-content-edge-padding);padding-top:var(--global-kb-spacing-xs, 1rem);padding-bottom:var(--global-kb-spacing-sm, 1.5rem);grid-template-columns:minmax(0, 1fr);}.kb-row-layout-id1678_e5264c-76 > .kt-row-layout-overlay{opacity:0.30;}@media all and (max-width: 1024px){.kb-row-layout-id1678_e5264c-76 > .kt-row-column-wrap{grid-template-columns:minmax(0, 1fr);}}@media all and (max-width: 767px){.kb-row-layout-id1678_e5264c-76 > .kt-row-column-wrap{grid-template-columns:minmax(0, 1fr);}}<\/style><div class=\"kb-row-layout-wrap kb-row-layout-id1678_e5264c-76 alignnone wp-block-kadence-rowlayout\"><div class=\"kt-row-column-wrap kt-has-1-columns kt-row-layout-equal kt-tab-layout-inherit kt-mobile-layout-row kt-row-valign-top kb-theme-content-width\">\n<style>.kadence-column1678_723e4e-fd > .kt-inside-inner-col,.kadence-column1678_723e4e-fd > .kt-inside-inner-col:before{border-top-left-radius:0px;border-top-right-radius:0px;border-bottom-right-radius:0px;border-bottom-left-radius:0px;}.kadence-column1678_723e4e-fd > .kt-inside-inner-col{column-gap:var(--global-kb-gap-sm, 1rem);}.kadence-column1678_723e4e-fd > .kt-inside-inner-col{flex-direction:column;}.kadence-column1678_723e4e-fd > .kt-inside-inner-col > .aligncenter{width:100%;}.kadence-column1678_723e4e-fd > .kt-inside-inner-col:before{opacity:0.3;}.kadence-column1678_723e4e-fd{position:relative;}@media all and (max-width: 1024px){.kadence-column1678_723e4e-fd > .kt-inside-inner-col{flex-direction:column;justify-content:center;}}@media all and (max-width: 767px){.kadence-column1678_723e4e-fd > .kt-inside-inner-col{flex-direction:column;justify-content:center;}}<\/style>\n<div class=\"wp-block-kadence-column kadence-column1678_723e4e-fd\"><div class=\"kt-inside-inner-col\">\n<h2 class=\"wp-block-heading\">O Verificalu<\/h2>\n\n\n\n<p>Vytv\u00e1\u0159\u00edme n\u00e1stroje, u kter\u00fdch z\u00e1le\u017e\u00ed na d\u016fv\u011b\u0159e a transparentnosti. V\u00edme, co znamen\u00e1 budovat software, kter\u00e9mu lid\u00e9 mus\u00ed v\u011b\u0159it. Tak\u00e9 u t\u00e9to platformy Verifical je nutnost transparentnosti a auditovatelnosti z\u00e1kladem. Tento n\u00e1stroj vytv\u00e1\u0159\u00ed a provozuje \u010desk\u00e1 spole\u010dnost VeroMotion. Stoj\u00edme nap\u0159\u00edklad za celosv\u011btovou platformou RandomPicker.com, kterou vyu\u017e\u00edvaj\u00ed desetitis\u00edce firem a neziskovek po cel\u00e9m sv\u011bt\u011b pro ov\u011b\u0159iteln\u00e1 a nestrann\u00e1 losov\u00e1n\u00ed v\u00fdherc\u016f. Provozujeme tak\u00e9 mezin\u00e1rodn\u00ed platformu pro kvalitativn\u00ed v\u00fdzkum Quallie.com.<\/p>\n\n\n\n<h3 class=\"wp-block-heading\"><br\/>Pro\u010d jsme vytvo\u0159ili Verifical<\/h3>\n\n\n\n<p>V\u00fdm\u011bna dokument\u016f mezi \u00fa\u010detn\u00edmi a jejich klienty st\u00e1le v\u00e1zne v e-mailov\u00e9 \u00e9\u0159e. B\u011bhem ka\u017ed\u00e9ho \u00fa\u010detn\u00edho obdob\u00ed se opakuje stejn\u00fd kolob\u011bh &#8211; \u00fa\u010detn\u00ed pros\u00ed ka\u017ed\u00fd m\u011bs\u00edc firmy a \u017eivnostn\u00edky o rychl\u00e9 zasl\u00e1n\u00ed doklad\u016f, klienti zapom\u00ednaj\u00ed, faktury se ztr\u00e1cej\u00ed v e-mailech a v\u0161ichni ztr\u00e1cej\u00ed \u010das n\u011b\u010d\u00edm, co by m\u011blo b\u00fdt jednoduch\u00e9. Dodavatel\u00e9 pos\u00edlaj\u00ed faktury, opo\u017ed\u011bn\u011b a k \u00fa\u010detn\u00edm \u010dasto nedoraz\u00ed v\u010das. Pod\u00edvali jsme se na probl\u00e9m a zjistili, \u017ee \u017e\u00e1dn\u00fd jednoduch\u00fd a dostupn\u00fd n\u00e1stroj neexistuje. \u00da\u010detn\u00ed pou\u017e\u00edvaj\u00ed e-mail, sd\u00edlen\u00e9 disky a pap\u00edrov\u00e9 \u0161anony \u2013 nic z toho nebylo navr\u017eeno pro bezpe\u010dnou a sledovatelnou v\u00fdm\u011bnu dokument\u016f.    <\/p>\n\n\n\n<h3 class=\"wp-block-heading\"><br\/>D\u016fv\u011bryhodnost<\/h3>\n\n\n<style>.wp-block-kadence-iconlist.kt-svg-icon-list-items1678_67f721-52:not(.this-stops-third-party-issues){margin-top:0px;margin-bottom:0px;}.wp-block-kadence-iconlist.kt-svg-icon-list-items1678_67f721-52 ul.kt-svg-icon-list:not(.this-prevents-issues):not(.this-stops-third-party-issues):not(.tijsloc){margin-top:0px;margin-right:0px;margin-bottom:var(--global-kb-spacing-sm, 1.5rem);margin-left:0px;}.wp-block-kadence-iconlist.kt-svg-icon-list-items1678_67f721-52 ul.kt-svg-icon-list{grid-row-gap:5px;}.wp-block-kadence-iconlist.kt-svg-icon-list-items1678_67f721-52 .kb-svg-icon-wrap{color:#1eb608;}.wp-block-kadence-iconlist.kt-svg-icon-list-items1678_67f721-52 ul.kt-svg-icon-list .kt-svg-icon-list-item-wrap .kt-svg-icon-list-single{margin-right:10px;}.kt-svg-icon-list-items1678_67f721-52 ul.kt-svg-icon-list .kt-svg-icon-list-level-0 .kt-svg-icon-list-single svg{font-size:20px;}<\/style>\n<div class=\"wp-block-kadence-iconlist kt-svg-icon-list-items kt-svg-icon-list-items1678_67f721-52 kt-svg-icon-list-columns-1 alignnone\"><ul class=\"kt-svg-icon-list\"><style>.kt-svg-icon-list-item-1678_c09819-36 .kt-svg-icon-list-text mark.kt-highlight{background-color:unset;font-style:normal;color:#f76a0c;-webkit-box-decoration-break:clone;box-decoration-break:clone;padding-top:0px;padding-right:0px;padding-bottom:0px;padding-left:0px;}<\/style>\n<li class=\"wp-block-kadence-listitem kt-svg-icon-list-item-wrap kt-svg-icon-list-item-1678_c09819-36\"><span class=\"kb-svg-icon-wrap kb-svg-icon-fe_checkCircle kt-svg-icon-list-single\"><svg viewBox=\"0 0 24 24\"  fill=\"none\" stroke=\"currentColor\" stroke-width=\"2\" stroke-linecap=\"round\" stroke-linejoin=\"round\" xmlns=\"http:\/\/www.w3.org\/2000\/svg\"  aria-hidden=\"true\"><path d=\"M22 11.08V12a10 10 0 1 1-5.93-9.14\"\/><polyline points=\"22 4 12 14.01 9 11.01\"\/><\/svg><\/span><span class=\"kt-svg-icon-list-text\">Ov\u011b\u0159en\u00e1 praxe &#8211; VeroMotion u\u017e p\u0159es 15 let vyv\u00edj\u00ed software postaven\u00fd na d\u016fv\u011b\u0159e a na\u0161e aplikace pom\u00e1haj\u00ed mnoha organizac\u00edm po cel\u00e9m sv\u011bt\u011b.<\/span><\/li>\n\n\n<style>.kt-svg-icon-list-item-1678_01ec5a-0b .kt-svg-icon-list-text mark.kt-highlight{background-color:unset;font-style:normal;color:#f76a0c;-webkit-box-decoration-break:clone;box-decoration-break:clone;padding-top:0px;padding-right:0px;padding-bottom:0px;padding-left:0px;}<\/style>\n<li class=\"wp-block-kadence-listitem kt-svg-icon-list-item-wrap kt-svg-icon-list-item-1678_01ec5a-0b\"><span class=\"kb-svg-icon-wrap kb-svg-icon-fe_checkCircle kt-svg-icon-list-single\"><svg viewBox=\"0 0 24 24\"  fill=\"none\" stroke=\"currentColor\" stroke-width=\"2\" stroke-linecap=\"round\" stroke-linejoin=\"round\" xmlns=\"http:\/\/www.w3.org\/2000\/svg\"  aria-hidden=\"true\"><path d=\"M22 11.08V12a10 10 0 1 1-5.93-9.14\"\/><polyline points=\"22 4 12 14.01 9 11.01\"\/><\/svg><\/span><span class=\"kt-svg-icon-list-text\">S\u00eddl\u00edme v EU &#8211; firma i infrastruktura jsou v EU, pln\u00fd soulad s GDPR<\/span><\/li>\n\n\n<style>.kt-svg-icon-list-item-1678_05fbd3-9a .kt-svg-icon-list-text mark.kt-highlight{background-color:unset;font-style:normal;color:#f76a0c;-webkit-box-decoration-break:clone;box-decoration-break:clone;padding-top:0px;padding-right:0px;padding-bottom:0px;padding-left:0px;}<\/style>\n<li class=\"wp-block-kadence-listitem kt-svg-icon-list-item-wrap kt-svg-icon-list-item-1678_05fbd3-9a\"><span class=\"kb-svg-icon-wrap kb-svg-icon-fe_checkCircle kt-svg-icon-list-single\"><svg viewBox=\"0 0 24 24\"  fill=\"none\" stroke=\"currentColor\" stroke-width=\"2\" stroke-linecap=\"round\" stroke-linejoin=\"round\" xmlns=\"http:\/\/www.w3.org\/2000\/svg\"  aria-hidden=\"true\"><path d=\"M22 11.08V12a10 10 0 1 1-5.93-9.14\"\/><polyline points=\"22 4 12 14.01 9 11.01\"\/><\/svg><\/span><span class=\"kt-svg-icon-list-text\">Bezpe\u010dnost na prvn\u00edm m\u00edst\u011b &#8211; \u0161ifrov\u00e1n\u00ed p\u0159i p\u0159enosu dat i ulo\u017een\u00ed, \u0159\u00edzen\u00ed p\u0159\u00edstupu, kompletn\u00ed auditn\u00ed z\u00e1znamy<\/span><\/li>\n\n\n<style>.kt-svg-icon-list-item-1678_5b1700-8b .kt-svg-icon-list-text mark.kt-highlight{background-color:unset;font-style:normal;color:#f76a0c;-webkit-box-decoration-break:clone;box-decoration-break:clone;padding-top:0px;padding-right:0px;padding-bottom:0px;padding-left:0px;}<\/style>\n<li class=\"wp-block-kadence-listitem kt-svg-icon-list-item-wrap kt-svg-icon-list-item-1678_5b1700-8b\"><span class=\"kb-svg-icon-wrap kb-svg-icon-fe_checkCircle kt-svg-icon-list-single\"><svg viewBox=\"0 0 24 24\"  fill=\"none\" stroke=\"currentColor\" stroke-width=\"2\" stroke-linecap=\"round\" stroke-linejoin=\"round\" xmlns=\"http:\/\/www.w3.org\/2000\/svg\"  aria-hidden=\"true\"><path d=\"M22 11.08V12a10 10 0 1 1-5.93-9.14\"\/><polyline points=\"22 4 12 14.01 9 11.01\"\/><\/svg><\/span><span class=\"kt-svg-icon-list-text\">Solidn\u00ed &#8211; \u017e\u00e1dn\u00e9 reklamy, \u017e\u00e1dn\u00fd prodej dat. Srdcem platformy je organizace dokument\u016f, data d\u00e9le nezpracov\u00e1v\u00e1ne ani nikomu neposkytujeme. <\/span><\/li>\n<\/ul><\/div>\n\n\n\n<h3 class=\"wp-block-heading\">Na\u0161e hodnoty<\/h3>\n\n\n\n<p><strong>D\u016fv\u011bra se z\u00edsk\u00e1v\u00e1, nesta\u010d\u00ed o n\u00ed jen mluvit.<\/strong><br\/>Ka\u017ed\u00e1 funkce Verifical je navr\u017eena kolem d\u016fkazu \u2013 d\u016fkazu, \u017ee dokument byl doru\u010den, kdo ho nahr\u00e1l a jak\u00e1 o n\u011bm prob\u011bhla komunikace.<\/p>\n\n\n\n<p><strong>Jednoduchost v\u00edt\u011bz\u00ed nad slo\u017eitost\u00ed.<\/strong> <br\/>V\u00edme, \u017ee na\u0161i u\u017eivatel\u00e9 nejsou aj\u0165\u00e1ci &#8211; proto se sna\u017e\u00edme o maxim\u00e1ln\u00ed jednoduchost, srozumitelnost a p\u0159ehlednost. <\/p>\n\n\n\n<p><strong>Specializace v\u00edt\u011bz\u00ed nad mno\u017estv\u00edm funkc\u00ed.<\/strong> <br\/>Nesna\u017e\u00edme se budovat cel\u00fd \u00fa\u010detn\u00ed syst\u00e9m. Specializujeme se na co nejlep\u0161\u00ed zp\u016fsob v\u00fdm\u011bny dokument\u016f mezi firmami a \u00fa\u010detn\u00edmi. <\/p>\n<\/div><\/div>\n\n<\/div><\/div>","protected":false},"excerpt":{"rendered":"<p>Kontaktujte n\u00e1s M\u00e1te dotaz k Verifical? Chcete probrat, jak by mohla na\u0161e platforma pomoci i Va\u0161\u00ed firm\u011b? A\u0165 jste \u00fa\u010detn\u00ed hledaj\u00edc\u00ed lep\u0161\u00ed zp\u016fsob v\u00fdm\u011bny dokument\u016f se sv\u00fdmi klienty, nebo u\u017eivatel s ot\u00e1zkou na podporu, ozv\u011bte se n\u00e1m. Spojte se s n\u00e1mi: Obvykle odpov\u00edd\u00e1me v pr\u016fb\u011bhu pracovn\u00edho dne. O Verificalu Vytv\u00e1\u0159\u00edme n\u00e1stroje, u kter\u00fdch z\u00e1le\u017e\u00ed na&#8230;<\/p>\n","protected":false},"author":1,"featured_media":0,"parent":0,"menu_order":0,"comment_status":"closed","ping_status":"closed","template":"","meta":{"_kad_blocks_custom_css":"","_kad_blocks_head_custom_js":"","_kad_blocks_body_custom_js":"","_kad_blocks_footer_custom_js":"","_kad_post_transparent":"","_kad_post_title":"","_kad_post_layout":"","_kad_post_sidebar_id":"","_kad_post_content_style":"","_kad_post_vertical_padding":"","_kad_post_feature":"","_kad_post_feature_position":"","_kad_post_header":false,"_kad_post_footer":false,"_kad_post_classname":"","footnotes":""},"class_list":["post-2143","page","type-page","status-publish","hentry"],"aioseo_notices":[],"taxonomy_info":[],"featured_image_src_large":false,"author_info":{"display_name":"Verifical","author_link":"https:\/\/verifical.com\/cs\/author\/radek-domanskygmail-com\/"},"comment_info":0,"_links":{"self":[{"href":"https:\/\/verifical.com\/cs\/wp-json\/wp\/v2\/pages\/2143","targetHints":{"allow":["GET"]}}],"collection":[{"href":"https:\/\/verifical.com\/cs\/wp-json\/wp\/v2\/pages"}],"about":[{"href":"https:\/\/verifical.com\/cs\/wp-json\/wp\/v2\/types\/page"}],"author":[{"embeddable":true,"href":"https:\/\/verifical.com\/cs\/wp-json\/wp\/v2\/users\/1"}],"replies":[{"embeddable":true,"href":"https:\/\/verifical.com\/cs\/wp-json\/wp\/v2\/comments?post=2143"}],"version-history":[{"count":5,"href":"https:\/\/verifical.com\/cs\/wp-json\/wp\/v2\/pages\/2143\/revisions"}],"predecessor-version":[{"id":2150,"href":"https:\/\/verifical.com\/cs\/wp-json\/wp\/v2\/pages\/2143\/revisions\/2150"}],"wp:attachment":[{"href":"https:\/\/verifical.com\/cs\/wp-json\/wp\/v2\/media?parent=2143"}],"curies":[{"name":"wp","href":"https:\/\/api.w.org\/{rel}","templated":true}]}}