{"id":2136,"date":"2026-02-20T20:11:20","date_gmt":"2026-02-20T19:11:20","guid":{"rendered":"https:\/\/verifical.com\/registrace\/"},"modified":"2026-04-13T17:21:46","modified_gmt":"2026-04-13T16:21:46","slug":"registrace","status":"publish","type":"page","link":"https:\/\/verifical.com\/cs\/registrace\/","title":{"rendered":"Registrace"},"content":{"rendered":"<style>.kb-row-layout-id1676_4cf71c-31 > .kt-row-column-wrap{align-content:start;}:where(.kb-row-layout-id1676_4cf71c-31 > .kt-row-column-wrap) > .wp-block-kadence-column{justify-content:start;}.kb-row-layout-id1676_4cf71c-31 > .kt-row-column-wrap{column-gap:var(--global-kb-gap-md, 2rem);row-gap:var(--global-kb-gap-md, 2rem);padding-top:var(--global-kb-spacing-sm, 1.5rem);padding-bottom:var(--global-kb-spacing-sm, 1.5rem);}.kb-row-layout-id1676_4cf71c-31 > .kt-row-column-wrap > div:not(.added-for-specificity){grid-column:initial;}.kb-row-layout-id1676_4cf71c-31 > .kt-row-column-wrap{grid-template-columns:minmax(0, 1fr) minmax(0, 2fr) minmax(0, 1fr);}.kb-row-layout-id1676_4cf71c-31 > .kt-row-layout-overlay{opacity:0.30;}@media all and (max-width: 1024px){.kb-row-layout-id1676_4cf71c-31 > .kt-row-column-wrap > div:not(.added-for-specificity){grid-column:initial;}}@media all and (max-width: 1024px){.kb-row-layout-id1676_4cf71c-31 > .kt-row-column-wrap{grid-template-columns:minmax(0, 1fr) minmax(0, 2fr) minmax(0, 1fr);}}@media all and (max-width: 767px){.kb-row-layout-id1676_4cf71c-31 > .kt-row-column-wrap > div:not(.added-for-specificity){grid-column:initial;}.kb-row-layout-id1676_4cf71c-31 > .kt-row-column-wrap{grid-template-columns:minmax(0, 1fr);}}<\/style><div class=\"kb-row-layout-wrap kb-row-layout-id1676_4cf71c-31 alignnone wp-block-kadence-rowlayout\"><div class=\"kt-row-column-wrap kt-has-3-columns kt-row-layout-center-half kt-tab-layout-inherit kt-mobile-layout-row kt-row-valign-top\">\n<style>.kadence-column1676_e561c6-2c > .kt-inside-inner-col,.kadence-column1676_e561c6-2c > .kt-inside-inner-col:before{border-top-left-radius:0px;border-top-right-radius:0px;border-bottom-right-radius:0px;border-bottom-left-radius:0px;}.kadence-column1676_e561c6-2c > .kt-inside-inner-col{column-gap:var(--global-kb-gap-sm, 1rem);}.kadence-column1676_e561c6-2c > .kt-inside-inner-col{flex-direction:column;}.kadence-column1676_e561c6-2c > .kt-inside-inner-col > .aligncenter{width:100%;}.kadence-column1676_e561c6-2c > .kt-inside-inner-col:before{opacity:0.3;}.kadence-column1676_e561c6-2c{position:relative;}@media all and (max-width: 1024px){.kadence-column1676_e561c6-2c > .kt-inside-inner-col{flex-direction:column;justify-content:center;}}@media all and (max-width: 767px){.kadence-column1676_e561c6-2c > .kt-inside-inner-col{flex-direction:column;justify-content:center;}}<\/style>\n<div class=\"wp-block-kadence-column kadence-column1676_e561c6-2c\"><div class=\"kt-inside-inner-col\"><\/div><\/div>\n\n\n<style>.kadence-column1676_a1ffd9-a9 > .kt-inside-inner-col{display:flex;}.kadence-column1676_a1ffd9-a9 > .kt-inside-inner-col,.kadence-column1676_a1ffd9-a9 > .kt-inside-inner-col:before{border-top-left-radius:0px;border-top-right-radius:0px;border-bottom-right-radius:0px;border-bottom-left-radius:0px;}.kadence-column1676_a1ffd9-a9 > .kt-inside-inner-col{column-gap:var(--global-kb-gap-sm, 1rem);}.kadence-column1676_a1ffd9-a9 > .kt-inside-inner-col{flex-direction:column;align-items:center;}.kadence-column1676_a1ffd9-a9 > .kt-inside-inner-col > .kb-image-is-ratio-size{align-self:stretch;}.kadence-column1676_a1ffd9-a9 > .kt-inside-inner-col > .wp-block-kadence-advancedgallery{align-self:stretch;}.kadence-column1676_a1ffd9-a9 > .kt-inside-inner-col > .aligncenter{width:100%;}.kadence-column1676_a1ffd9-a9 > .kt-inside-inner-col:before{opacity:0.3;}.kadence-column1676_a1ffd9-a9{position:relative;}@media all and (max-width: 1024px){.kadence-column1676_a1ffd9-a9 > .kt-inside-inner-col{flex-direction:column;justify-content:center;align-items:center;}}@media all and (max-width: 767px){.kadence-column1676_a1ffd9-a9 > .kt-inside-inner-col{flex-direction:column;justify-content:center;align-items:center;}}<\/style>\n<div class=\"wp-block-kadence-column kadence-column1676_a1ffd9-a9\"><div class=\"kt-inside-inner-col\">\n<h2 class=\"wp-block-heading has-text-align-center\">P\u0159\u00edstup na vy\u017e\u00e1d\u00e1n\u00ed<\/h2>\n\n\n\n<hr class=\"wp-block-separator has-alpha-channel-opacity\"\/>\n\n\n\n<p>Ned\u00e1vno jsme spustili prvn\u00ed verzi na\u0161\u00ed platformy pro sd\u00edlen\u00ed dokument\u016f. V t\u00e9to f\u00e1zi je p\u0159\u00edstup dostupn\u00fd firm\u00e1m, freelancer\u016fm a \u00fa\u010detn\u00edm jen na po\u017e\u00e1d\u00e1n\u00ed. <\/p>\n\n\n\n<p>M\u00e1te z\u00e1jem platformu vyzkou\u0161et? Kontaktujte n\u00e1s. R\u00e1di V\u00e1m p\u0159\u00edstup z\u0159\u00edd\u00edme. <\/p>\n\n\n<div class=\"wp-block-image\">\n<figure class=\"aligncenter size-full\"><img decoding=\"async\" src=\"https:\/\/turnio.net\/wp-content\/uploads\/47.Inbox_.png\" alt=\"\" class=\"wp-image-1753\"\/><\/figure>\n<\/div><\/div><\/div>\n\n\n<style>.kadence-column1676_009fe8-5c > .kt-inside-inner-col,.kadence-column1676_009fe8-5c > .kt-inside-inner-col:before{border-top-left-radius:0px;border-top-right-radius:0px;border-bottom-right-radius:0px;border-bottom-left-radius:0px;}.kadence-column1676_009fe8-5c > .kt-inside-inner-col{column-gap:var(--global-kb-gap-sm, 1rem);}.kadence-column1676_009fe8-5c > .kt-inside-inner-col{flex-direction:column;}.kadence-column1676_009fe8-5c > .kt-inside-inner-col > .aligncenter{width:100%;}.kadence-column1676_009fe8-5c > .kt-inside-inner-col:before{opacity:0.3;}.kadence-column1676_009fe8-5c{position:relative;}@media all and (max-width: 1024px){.kadence-column1676_009fe8-5c > .kt-inside-inner-col{flex-direction:column;justify-content:center;}}@media all and (max-width: 767px){.kadence-column1676_009fe8-5c > .kt-inside-inner-col{flex-direction:column;justify-content:center;}}<\/style>\n<div class=\"wp-block-kadence-column kadence-column1676_009fe8-5c\"><div class=\"kt-inside-inner-col\"><\/div><\/div>\n\n<\/div><\/div>","protected":false},"excerpt":{"rendered":"<p>P\u0159\u00edstup na vy\u017e\u00e1d\u00e1n\u00ed Ned\u00e1vno jsme spustili prvn\u00ed verzi na\u0161\u00ed platformy pro sd\u00edlen\u00ed dokument\u016f. V t\u00e9to f\u00e1zi je p\u0159\u00edstup dostupn\u00fd firm\u00e1m, freelancer\u016fm a \u00fa\u010detn\u00edm jen na po\u017e\u00e1d\u00e1n\u00ed. M\u00e1te z\u00e1jem platformu vyzkou\u0161et? Kontaktujte n\u00e1s. R\u00e1di V\u00e1m p\u0159\u00edstup z\u0159\u00edd\u00edme.<\/p>\n","protected":false},"author":1,"featured_media":0,"parent":0,"menu_order":0,"comment_status":"closed","ping_status":"closed","template":"","meta":{"_kad_blocks_custom_css":"","_kad_blocks_head_custom_js":"","_kad_blocks_body_custom_js":"","_kad_blocks_footer_custom_js":"","_kad_post_transparent":"","_kad_post_title":"","_kad_post_layout":"","_kad_post_sidebar_id":"","_kad_post_content_style":"","_kad_post_vertical_padding":"","_kad_post_feature":"","_kad_post_feature_position":"","_kad_post_header":false,"_kad_post_footer":false,"_kad_post_classname":"","footnotes":""},"class_list":["post-2136","page","type-page","status-publish","hentry"],"aioseo_notices":[],"taxonomy_info":[],"featured_image_src_large":false,"author_info":{"display_name":"Verifical","author_link":"https:\/\/verifical.com\/cs\/author\/radek-domanskygmail-com\/"},"comment_info":0,"_links":{"self":[{"href":"https:\/\/verifical.com\/cs\/wp-json\/wp\/v2\/pages\/2136","targetHints":{"allow":["GET"]}}],"collection":[{"href":"https:\/\/verifical.com\/cs\/wp-json\/wp\/v2\/pages"}],"about":[{"href":"https:\/\/verifical.com\/cs\/wp-json\/wp\/v2\/types\/page"}],"author":[{"embeddable":true,"href":"https:\/\/verifical.com\/cs\/wp-json\/wp\/v2\/users\/1"}],"replies":[{"embeddable":true,"href":"https:\/\/verifical.com\/cs\/wp-json\/wp\/v2\/comments?post=2136"}],"version-history":[{"count":1,"href":"https:\/\/verifical.com\/cs\/wp-json\/wp\/v2\/pages\/2136\/revisions"}],"predecessor-version":[{"id":2137,"href":"https:\/\/verifical.com\/cs\/wp-json\/wp\/v2\/pages\/2136\/revisions\/2137"}],"wp:attachment":[{"href":"https:\/\/verifical.com\/cs\/wp-json\/wp\/v2\/media?parent=2136"}],"curies":[{"name":"wp","href":"https:\/\/api.w.org\/{rel}","templated":true}]}}